{"id":378,"date":"2018-07-23T00:21:58","date_gmt":"2018-07-23T04:21:58","guid":{"rendered":"https:\/\/luckycriquet.comm\/newstore_v7\/?page_id=378"},"modified":"2024-03-28T03:51:44","modified_gmt":"2024-03-28T07:51:44","slug":"contact","status":"publish","type":"page","link":"https:\/\/luckycriquet.com\/index.php\/contact\/","title":{"rendered":"Contact"},"content":{"rendered":"<p>Pour toute information, n&rsquo;h\u00e9sitez pas \u00e0 nous contacter, il nous fera un plaisir de vous r\u00e9pondre rapidement.<\/p>\n<p>[contact-form to=\u00a0\u00bbno-reply@luckycriquet.com\u00a0\u00bb subject=\u00a0\u00bbFormulaire Contactez-nous :: La Petite D\u00e9gustation\u00a0\u00bb][contact-field label=\u00a0\u00bbNom\u00a0\u00bb type=\u00a0\u00bbname\u00a0\u00bb required=\u00a0\u00bb1&Prime;][contact-field label=\u00a0\u00bbT\u00e9l\u00e9phone\u00a0\u00bb type=\u00a0\u00bbtext\u00a0\u00bb][contact-field label=\u00a0\u00bbCourriel\u00a0\u00bb type=\u00a0\u00bbemail\u00a0\u00bb required=\u00a0\u00bb1&Prime;][contact-field label=\u00a0\u00bbSite internet\u00a0\u00bb type=\u00a0\u00bburl\u00a0\u00bb][contact-field label=\u00a0\u00bbMessage\u00a0\u00bb type=\u00a0\u00bbtextarea\u00a0\u00bb][\/contact-form]<\/p>\n","protected":false},"excerpt":{"rendered":"<p>Pour toute information, n&rsquo;h\u00e9sitez pas \u00e0 nous contacter, il nous fera un plaisir de vous r\u00e9pondre rapidement. [contact-form to=\u00a0\u00bbno-reply@luckycriquet.com\u00a0\u00bb subject=\u00a0\u00bbFormulaire Contactez-nous :: La Petite D\u00e9gustation\u00a0\u00bb][contact-field label=\u00a0\u00bbNom\u00a0\u00bb type=\u00a0\u00bbname\u00a0\u00bb required=\u00a0\u00bb1&Prime;][contact-field label=\u00a0\u00bbT\u00e9l\u00e9phone\u00a0\u00bb type=\u00a0\u00bbtext\u00a0\u00bb][contact-field label=\u00a0\u00bbCourriel\u00a0\u00bb type=\u00a0\u00bbemail\u00a0\u00bb required=\u00a0\u00bb1&Prime;][contact-field label=\u00a0\u00bbSite internet\u00a0\u00bb type=\u00a0\u00bburl\u00a0\u00bb][contact-field label=\u00a0\u00bbMessage\u00a0\u00bb type=\u00a0\u00bbtextarea\u00a0\u00bb][\/contact-form]<\/p>\n","protected":false},"author":1,"featured_media":0,"parent":0,"menu_order":0,"comment_status":"closed","ping_status":"closed","template":"","meta":{"footnotes":""},"class_list":["post-378","page","type-page","status-publish","hentry"],"_links":{"self":[{"href":"https:\/\/luckycriquet.com\/index.php\/wp-json\/wp\/v2\/pages\/378","targetHints":{"allow":["GET"]}}],"collection":[{"href":"https:\/\/luckycriquet.com\/index.php\/wp-json\/wp\/v2\/pages"}],"about":[{"href":"https:\/\/luckycriquet.com\/index.php\/wp-json\/wp\/v2\/types\/page"}],"author":[{"embeddable":true,"href":"https:\/\/luckycriquet.com\/index.php\/wp-json\/wp\/v2\/users\/1"}],"replies":[{"embeddable":true,"href":"https:\/\/luckycriquet.com\/index.php\/wp-json\/wp\/v2\/comments?post=378"}],"version-history":[{"count":3,"href":"https:\/\/luckycriquet.com\/index.php\/wp-json\/wp\/v2\/pages\/378\/revisions"}],"predecessor-version":[{"id":2479,"href":"https:\/\/luckycriquet.com\/index.php\/wp-json\/wp\/v2\/pages\/378\/revisions\/2479"}],"wp:attachment":[{"href":"https:\/\/luckycriquet.com\/index.php\/wp-json\/wp\/v2\/media?parent=378"}],"curies":[{"name":"wp","href":"https:\/\/api.w.org\/{rel}","templated":true}]}}