{"id":476,"date":"2019-02-04T22:38:27","date_gmt":"2019-02-05T02:38:27","guid":{"rendered":"https:\/\/luckycriquet.comm\/dev_v7\/index.php\/wish-list\/"},"modified":"2019-02-04T23:04:17","modified_gmt":"2019-02-05T03:04:17","slug":"produits-preferes","status":"publish","type":"page","link":"https:\/\/luckycriquet.com\/index.php\/produits-preferes\/","title":{"rendered":"Produits pr\u00e9f\u00e9r\u00e9s"},"content":{"rendered":"<p>[alg_wc_wl]<\/p>\n","protected":false},"excerpt":{"rendered":"<p>[alg_wc_wl]<\/p>\n","protected":false},"author":1,"featured_media":0,"parent":0,"menu_order":0,"comment_status":"closed","ping_status":"closed","template":"","meta":{"footnotes":""},"class_list":["post-476","page","type-page","status-publish","hentry"],"_links":{"self":[{"href":"https:\/\/luckycriquet.com\/index.php\/wp-json\/wp\/v2\/pages\/476","targetHints":{"allow":["GET"]}}],"collection":[{"href":"https:\/\/luckycriquet.com\/index.php\/wp-json\/wp\/v2\/pages"}],"about":[{"href":"https:\/\/luckycriquet.com\/index.php\/wp-json\/wp\/v2\/types\/page"}],"author":[{"embeddable":true,"href":"https:\/\/luckycriquet.com\/index.php\/wp-json\/wp\/v2\/users\/1"}],"replies":[{"embeddable":true,"href":"https:\/\/luckycriquet.com\/index.php\/wp-json\/wp\/v2\/comments?post=476"}],"version-history":[{"count":1,"href":"https:\/\/luckycriquet.com\/index.php\/wp-json\/wp\/v2\/pages\/476\/revisions"}],"predecessor-version":[{"id":477,"href":"https:\/\/luckycriquet.com\/index.php\/wp-json\/wp\/v2\/pages\/476\/revisions\/477"}],"wp:attachment":[{"href":"https:\/\/luckycriquet.com\/index.php\/wp-json\/wp\/v2\/media?parent=476"}],"curies":[{"name":"wp","href":"https:\/\/api.w.org\/{rel}","templated":true}]}}