{"id":212,"date":"2018-07-22T12:18:37","date_gmt":"2018-07-22T16:18:37","guid":{"rendered":"https:\/\/luckycriquet.comm\/newstore_v7\/index.php\/product\/almavino-blanco-grupo-gallego-valei\/"},"modified":"2022-05-15T07:44:52","modified_gmt":"2022-05-15T11:44:52","slug":"almavino-blanco-grupo-gallego-valei","status":"publish","type":"product","link":"https:\/\/luckycriquet.com\/index.php\/product\/almavino-blanco-grupo-gallego-valei\/","title":{"rendered":"Almavi\u00f1o Blanco, Grupo Gallego Valei"},"content":{"rendered":"<p>No.43 &#8211; Almavi\u00f1o Blanco &#8211; 100% Almavi\u00f1o &#8211; 2016 &#8211; Vin Blanc, Espagne &#8211; \u00a011,5%<\/p>\n","protected":false},"excerpt":{"rendered":"<p>Almavi\u00f1o Blanco &#8211; 100% Almavi\u00f1o<\/p>\n","protected":false},"featured_media":295,"comment_status":"open","ping_status":"closed","template":"","meta":[],"product_brand":[],"product_cat":[27,32],"product_tag":[],"class_list":{"0":"post-212","1":"product","2":"type-product","3":"status-publish","4":"has-post-thumbnail","6":"product_cat-vin-blanc","7":"product_cat-espagne","9":"first","10":"instock","11":"taxable","12":"shipping-taxable","13":"purchasable","14":"product-type-simple"},"_links":{"self":[{"href":"https:\/\/luckycriquet.com\/index.php\/wp-json\/wp\/v2\/product\/212","targetHints":{"allow":["GET"]}}],"collection":[{"href":"https:\/\/luckycriquet.com\/index.php\/wp-json\/wp\/v2\/product"}],"about":[{"href":"https:\/\/luckycriquet.com\/index.php\/wp-json\/wp\/v2\/types\/product"}],"replies":[{"embeddable":true,"href":"https:\/\/luckycriquet.com\/index.php\/wp-json\/wp\/v2\/comments?post=212"}],"wp:featuredmedia":[{"embeddable":true,"href":"https:\/\/luckycriquet.com\/index.php\/wp-json\/wp\/v2\/media\/295"}],"wp:attachment":[{"href":"https:\/\/luckycriquet.com\/index.php\/wp-json\/wp\/v2\/media?parent=212"}],"wp:term":[{"taxonomy":"product_brand","embeddable":true,"href":"https:\/\/luckycriquet.com\/index.php\/wp-json\/wp\/v2\/product_brand?post=212"},{"taxonomy":"product_cat","embeddable":true,"href":"https:\/\/luckycriquet.com\/index.php\/wp-json\/wp\/v2\/product_cat?post=212"},{"taxonomy":"product_tag","embeddable":true,"href":"https:\/\/luckycriquet.com\/index.php\/wp-json\/wp\/v2\/product_tag?post=212"}],"curies":[{"name":"wp","href":"https:\/\/api.w.org\/{rel}","templated":true}]}}