{"id":220,"date":"2018-07-22T12:18:37","date_gmt":"2018-07-22T16:18:37","guid":{"rendered":"https:\/\/luckycriquet.comm\/newstore_v7\/index.php\/product\/bouquet-de-cavagnac-i-g-p-cotes-du-lot-domaine-de-cause\/"},"modified":"2023-01-20T01:56:39","modified_gmt":"2023-01-20T05:56:39","slug":"bouquet-de-cavagnac-i-g-p-cotes-du-lot-domaine-de-cause","status":"publish","type":"product","link":"https:\/\/luckycriquet.com\/index.php\/product\/bouquet-de-cavagnac-i-g-p-cotes-du-lot-domaine-de-cause\/","title":{"rendered":"Bouquet de Cavagnac I.G.P. C\u00f4tes Du Lot, Domaine De Cause"},"content":{"rendered":"<p>No.38 &#8211; Bouquet de Cavagnac I.G.P. C\u00f4tes Du Lot &#8211; 100% Malbec &#8211; 2017 &#8211; Vin Ros\u00e9, France &#8211; 11%<\/p>\n","protected":false},"excerpt":{"rendered":"<p>Bouquet de Cavagnac I.G.P. C\u00f4tes Du Lot &#8211; 100% Malbec<\/p>\n","protected":false},"featured_media":283,"comment_status":"open","ping_status":"closed","template":"","meta":[],"product_brand":[],"product_cat":[30,29],"product_tag":[],"class_list":{"0":"post-220","1":"product","2":"type-product","3":"status-publish","4":"has-post-thumbnail","6":"product_cat-vin-rose","7":"product_cat-france","9":"first","10":"instock","11":"taxable","12":"shipping-taxable","13":"purchasable","14":"product-type-simple"},"_links":{"self":[{"href":"https:\/\/luckycriquet.com\/index.php\/wp-json\/wp\/v2\/product\/220","targetHints":{"allow":["GET"]}}],"collection":[{"href":"https:\/\/luckycriquet.com\/index.php\/wp-json\/wp\/v2\/product"}],"about":[{"href":"https:\/\/luckycriquet.com\/index.php\/wp-json\/wp\/v2\/types\/product"}],"replies":[{"embeddable":true,"href":"https:\/\/luckycriquet.com\/index.php\/wp-json\/wp\/v2\/comments?post=220"}],"wp:featuredmedia":[{"embeddable":true,"href":"https:\/\/luckycriquet.com\/index.php\/wp-json\/wp\/v2\/media\/283"}],"wp:attachment":[{"href":"https:\/\/luckycriquet.com\/index.php\/wp-json\/wp\/v2\/media?parent=220"}],"wp:term":[{"taxonomy":"product_brand","embeddable":true,"href":"https:\/\/luckycriquet.com\/index.php\/wp-json\/wp\/v2\/product_brand?post=220"},{"taxonomy":"product_cat","embeddable":true,"href":"https:\/\/luckycriquet.com\/index.php\/wp-json\/wp\/v2\/product_cat?post=220"},{"taxonomy":"product_tag","embeddable":true,"href":"https:\/\/luckycriquet.com\/index.php\/wp-json\/wp\/v2\/product_tag?post=220"}],"curies":[{"name":"wp","href":"https:\/\/api.w.org\/{rel}","templated":true}]}}